{"id":1177,"date":"2024-04-29T09:12:07","date_gmt":"2024-04-29T07:12:07","guid":{"rendered":"https:\/\/lagur-istarskisvoj.hr\/?page_id=1177"},"modified":"2024-05-14T16:23:27","modified_gmt":"2024-05-14T14:23:27","slug":"lokalna-razvojna-strategija-u-ribarstvu-2014-2020","status":"publish","type":"page","link":"https:\/\/lagur-istarskisvoj.hr\/en\/dokumenti\/programsko-razdoblje-2014-2020\/lokalna-razvojna-strategija-u-ribarstvu-2014-2020\/","title":{"rendered":"Local development strategy for fisheries 2014. &#8211; 2020."},"content":{"rendered":"<p>Statut i Lokalna razvojna strategija u ribarstvu:<\/p>\n<ul>\n<li><a href=\"http:\/\/lagur-istarskisvoj.hr\/wp-content\/uploads\/2019\/07\/Statut-LAGUR-Istarski-\u0161voj-2019.pdf\">Statut LAGUR Istarski \u0161voj 2019<\/a> (04. srpnja 2019.)<\/li>\n<li><a href=\"https:\/\/lagur-istarskisvoj.hr\/wp-content\/uploads\/2023\/09\/Izmjene-i-dopune-Statuta-25.09.2023..pdf\">Izmjene i dopune Statuta<\/a>\u00a0(25. rujna 2023.)<\/li>\n<li><a href=\"http:\/\/lagur-istarskisvoj.hr\/wp-content\/uploads\/2016\/12\/Lokalna-razvojna-strazegija-u-ribarstvu-Istarski-\u0161voj.pdf\">Lokalna razvojna strategija u ribarstvu LAGUR-a Istarski \u0161voj 2016<\/a><\/li>\n<li><a href=\"http:\/\/lagur-istarskisvoj.hr\/wp-content\/uploads\/2019\/03\/Lokalna-razvojna-strategija-u-ribarstvu-Istarskisvoj-2018.pdf\">Lokalna razvojna strategija u ribarstvu LAGUR-a Istarski \u0161voj 2018<\/a><\/li>\n<li><a href=\"http:\/\/lagur-istarskisvoj.hr\/wp-content\/uploads\/2019\/08\/Lokalna-razvojna-strategija-u-ribarstvu-Istarski-\u0161voj-2019.pdf\">Lokalna razvojna strategija u ribarstvu LAGUR-a Istarski \u0161voj 2019<\/a><\/li>\n<li><a href=\"https:\/\/lagur-istarskisvoj.hr\/wp-content\/uploads\/2021\/03\/22.3.-Final_Strategija_Istarski-svoj_-verzija-prioriteti.pdf\">Lokalna razvojna strategija u ribarstvu LAGUR-a Istarski svoj 2020.<\/a><\/li>\n<li><a href=\"https:\/\/lagur-istarskisvoj.hr\/wp-content\/uploads\/2021\/10\/2.a-Izmijenjena-LRSR-bez-TC-a.pdf\">Lokalna razvojna strategija u ribarstvu LAGUR-a Istarski \u0161voj (srpanj 2021.)<\/a><\/li>\n<li><a href=\"https:\/\/lagur-istarskisvoj.hr\/wp-content\/uploads\/2021\/12\/Prijedlog-izmjena_LRSR-TC-bez-TC-a.pdf\">Lokalna razvojna strategija u ribarstvu LAGUR-a Istarski \u0161voj (studeni 2021)<\/a><\/li>\n<li><a href=\"https:\/\/lagur-istarskisvoj.hr\/wp-content\/uploads\/2023\/10\/Lokalna-razvojna-strategije-u-ribarstvu-2023-04.pdf\">Lokalna razvojna strategija u ribarstvu LAGUR-a Istarski \u0161voj (travanj 2023.)<\/a><\/li>\n<li><a href=\"https:\/\/lagur-istarskisvoj.hr\/wp-content\/uploads\/2024\/02\/Lokalna-razvojna-strategije-u-ribarstvu-LAGUR-a-Istarski-\u0161voj-rujan-2023..pdf\">Lokalna razvojna strategija u ribarstvu LAGUR-a Istarski \u0161voj (rujan 2023.)<\/a><\/li>\n<\/ul>\n<p>&nbsp;<\/p>\n","protected":false},"excerpt":{"rendered":"<p>Statut i Lokalna razvojna strategija u ribarstvu: Statut LAGUR Istarski \u0161voj 2019 (04. srpnja 2019.) Izmjene i dopune Statuta\u00a0(25. rujna 2023.) Lokalna razvojna strategija u ribarstvu LAGUR-a Istarski \u0161voj 2016 Lokalna razvojna strategija u ribarstvu LAGUR-a Istarski \u0161voj 2018 Lokalna razvojna strategija u ribarstvu LAGUR-a Istarski \u0161voj 2019 Lokalna razvojna strategija u ribarstvu LAGUR-a Istarski [&hellip;]<\/p>\n","protected":false},"author":1,"featured_media":0,"parent":1175,"menu_order":10,"comment_status":"closed","ping_status":"closed","template":"","meta":{"_acf_changed":false,"footnotes":""},"acf":[],"_links":{"self":[{"href":"https:\/\/lagur-istarskisvoj.hr\/en\/wp-json\/wp\/v2\/pages\/1177"}],"collection":[{"href":"https:\/\/lagur-istarskisvoj.hr\/en\/wp-json\/wp\/v2\/pages"}],"about":[{"href":"https:\/\/lagur-istarskisvoj.hr\/en\/wp-json\/wp\/v2\/types\/page"}],"author":[{"embeddable":true,"href":"https:\/\/lagur-istarskisvoj.hr\/en\/wp-json\/wp\/v2\/users\/1"}],"replies":[{"embeddable":true,"href":"https:\/\/lagur-istarskisvoj.hr\/en\/wp-json\/wp\/v2\/comments?post=1177"}],"version-history":[{"count":2,"href":"https:\/\/lagur-istarskisvoj.hr\/en\/wp-json\/wp\/v2\/pages\/1177\/revisions"}],"predecessor-version":[{"id":1229,"href":"https:\/\/lagur-istarskisvoj.hr\/en\/wp-json\/wp\/v2\/pages\/1177\/revisions\/1229"}],"up":[{"embeddable":true,"href":"https:\/\/lagur-istarskisvoj.hr\/en\/wp-json\/wp\/v2\/pages\/1175"}],"wp:attachment":[{"href":"https:\/\/lagur-istarskisvoj.hr\/en\/wp-json\/wp\/v2\/media?parent=1177"}],"curies":[{"name":"wp","href":"https:\/\/api.w.org\/{rel}","templated":true}]}}