{"id":1273,"date":"2025-02-12T20:43:13","date_gmt":"2025-02-12T19:43:13","guid":{"rendered":"https:\/\/lagur-istarskisvoj.hr\/?page_id=1273"},"modified":"2025-02-12T20:43:13","modified_gmt":"2025-02-12T19:43:13","slug":"mjera-3-poticanje-povecanja-potrosnje-ribe-i-drugih-morskih-organizama-u-odgojno-obrazovnim-ustanovama-uz-koristenje-jedinstvenog-vizualnog-identiteta-flag-a","status":"publish","type":"page","link":"https:\/\/lagur-istarskisvoj.hr\/en\/natjecaji\/programsko-razdoblje-2021-2027\/mjera-3-poticanje-povecanja-potrosnje-ribe-i-drugih-morskih-organizama-u-odgojno-obrazovnim-ustanovama-uz-koristenje-jedinstvenog-vizualnog-identiteta-flag-a\/","title":{"rendered":"(Hrvatski) MJERA 3: Poticanje pove\u0107anja potro\u0161nje ribe i drugih morskih organizama u odgojno-obrazovnim ustanovama uz kori\u0161tenje jedinstvenog vizualnog identiteta FLAG-a"},"content":{"rendered":"","protected":false},"excerpt":{"rendered":"","protected":false},"author":1,"featured_media":0,"parent":1195,"menu_order":0,"comment_status":"closed","ping_status":"closed","template":"template_natjecaj.php","meta":{"_acf_changed":false,"footnotes":""},"acf":[],"_links":{"self":[{"href":"https:\/\/lagur-istarskisvoj.hr\/en\/wp-json\/wp\/v2\/pages\/1273"}],"collection":[{"href":"https:\/\/lagur-istarskisvoj.hr\/en\/wp-json\/wp\/v2\/pages"}],"about":[{"href":"https:\/\/lagur-istarskisvoj.hr\/en\/wp-json\/wp\/v2\/types\/page"}],"author":[{"embeddable":true,"href":"https:\/\/lagur-istarskisvoj.hr\/en\/wp-json\/wp\/v2\/users\/1"}],"replies":[{"embeddable":true,"href":"https:\/\/lagur-istarskisvoj.hr\/en\/wp-json\/wp\/v2\/comments?post=1273"}],"version-history":[{"count":1,"href":"https:\/\/lagur-istarskisvoj.hr\/en\/wp-json\/wp\/v2\/pages\/1273\/revisions"}],"predecessor-version":[{"id":1276,"href":"https:\/\/lagur-istarskisvoj.hr\/en\/wp-json\/wp\/v2\/pages\/1273\/revisions\/1276"}],"up":[{"embeddable":true,"href":"https:\/\/lagur-istarskisvoj.hr\/en\/wp-json\/wp\/v2\/pages\/1195"}],"wp:attachment":[{"href":"https:\/\/lagur-istarskisvoj.hr\/en\/wp-json\/wp\/v2\/media?parent=1273"}],"curies":[{"name":"wp","href":"https:\/\/api.w.org\/{rel}","templated":true}]}}