{"id":1279,"date":"2025-02-12T20:44:26","date_gmt":"2025-02-12T19:44:26","guid":{"rendered":"https:\/\/lagur-istarskisvoj.hr\/?page_id=1279"},"modified":"2026-02-10T15:09:57","modified_gmt":"2026-02-10T14:09:57","slug":"mjera-5-organizacija-edukativnih-dogadaja-u-svrhu-jacanja-uloge-ribarstvene-zajednice-u-lokalnom-razvoju-te-jacanje-svijesti-o-savjesnom-koristenju-ribarstvenih-resursa-zastiti-mora-i-voda-uz-korist","status":"publish","type":"page","link":"https:\/\/lagur-istarskisvoj.hr\/en\/natjecaji\/programsko-razdoblje-2021-2027\/mjera-5-organizacija-edukativnih-dogadaja-u-svrhu-jacanja-uloge-ribarstvene-zajednice-u-lokalnom-razvoju-te-jacanje-svijesti-o-savjesnom-koristenju-ribarstvenih-resursa-zastiti-mora-i-voda-uz-korist\/","title":{"rendered":"(Hrvatski) MJERA 5: Organizacija edukativnih doga\u0111aja u svrhu ja\u010danja uloge ribarstvene zajednice u lokalnom razvoju te ja\u010danje svijesti o savjesnom kori\u0161tenju ribarstvenih resursa, za\u0161titi mora i voda uz kori\u0161tenje jedinstvenog vizualnog identiteta"},"content":{"rendered":"<p class=\"qtranxs-available-languages-message qtranxs-available-languages-message-en\">Sorry, this entry is only available in <a href=\"https:\/\/lagur-istarskisvoj.hr\/hr\/wp-json\/wp\/v2\/pages\/1279\" class=\"qtranxs-available-language-link qtranxs-available-language-link-hr\" title=\"Hrvatski\">Hrvatski<\/a>.<\/p>","protected":false},"excerpt":{"rendered":"<p>Sorry, this entry is only available in Hrvatski.<\/p>\n","protected":false},"author":1,"featured_media":0,"parent":1195,"menu_order":0,"comment_status":"closed","ping_status":"closed","template":"template_natjecaj.php","meta":{"_acf_changed":false,"footnotes":""},"acf":[],"_links":{"self":[{"href":"https:\/\/lagur-istarskisvoj.hr\/en\/wp-json\/wp\/v2\/pages\/1279"}],"collection":[{"href":"https:\/\/lagur-istarskisvoj.hr\/en\/wp-json\/wp\/v2\/pages"}],"about":[{"href":"https:\/\/lagur-istarskisvoj.hr\/en\/wp-json\/wp\/v2\/types\/page"}],"author":[{"embeddable":true,"href":"https:\/\/lagur-istarskisvoj.hr\/en\/wp-json\/wp\/v2\/users\/1"}],"replies":[{"embeddable":true,"href":"https:\/\/lagur-istarskisvoj.hr\/en\/wp-json\/wp\/v2\/comments?post=1279"}],"version-history":[{"count":8,"href":"https:\/\/lagur-istarskisvoj.hr\/en\/wp-json\/wp\/v2\/pages\/1279\/revisions"}],"predecessor-version":[{"id":1392,"href":"https:\/\/lagur-istarskisvoj.hr\/en\/wp-json\/wp\/v2\/pages\/1279\/revisions\/1392"}],"up":[{"embeddable":true,"href":"https:\/\/lagur-istarskisvoj.hr\/en\/wp-json\/wp\/v2\/pages\/1195"}],"wp:attachment":[{"href":"https:\/\/lagur-istarskisvoj.hr\/en\/wp-json\/wp\/v2\/media?parent=1279"}],"curies":[{"name":"wp","href":"https:\/\/api.w.org\/{rel}","templated":true}]}}