{"id":566,"date":"2020-02-27T17:06:32","date_gmt":"2020-02-27T16:06:32","guid":{"rendered":"https:\/\/lagur-istarskisvoj.hr\/?page_id=566"},"modified":"2020-11-17T09:16:55","modified_gmt":"2020-11-17T08:16:55","slug":"natjecaj-za-mjeru-3-poticanje-povecanja-potrosnje-ribe-u-odgojno-obrazovnim-ustanovama","status":"publish","type":"page","link":"https:\/\/lagur-istarskisvoj.hr\/en\/natjecaji\/programsko-razdoblje-2014-2020\/provedeni-natjecaji\/natjecaj-za-mjeru-3-poticanje-povecanja-potrosnje-ribe-u-odgojno-obrazovnim-ustanovama\/","title":{"rendered":"(Hrvatski) Natje\u010daj za Mjeru 3. Poticanje pove\u0107anja potro\u0161nje ribe u odgojno obrazovnim ustanovama"},"content":{"rendered":"<p class=\"qtranxs-available-languages-message qtranxs-available-languages-message-en\">Sorry, this entry is only available in <a href=\"https:\/\/lagur-istarskisvoj.hr\/hr\/wp-json\/wp\/v2\/pages\/566\" class=\"qtranxs-available-language-link qtranxs-available-language-link-hr\" title=\"Hrvatski\">Hrvatski<\/a>.<\/p>","protected":false},"excerpt":{"rendered":"<p>Sorry, this entry is only available in Hrvatski.<\/p>\n","protected":false},"author":1,"featured_media":0,"parent":144,"menu_order":0,"comment_status":"closed","ping_status":"closed","template":"template_natjecaj.php","meta":{"_acf_changed":false,"footnotes":""},"acf":[],"_links":{"self":[{"href":"https:\/\/lagur-istarskisvoj.hr\/en\/wp-json\/wp\/v2\/pages\/566"}],"collection":[{"href":"https:\/\/lagur-istarskisvoj.hr\/en\/wp-json\/wp\/v2\/pages"}],"about":[{"href":"https:\/\/lagur-istarskisvoj.hr\/en\/wp-json\/wp\/v2\/types\/page"}],"author":[{"embeddable":true,"href":"https:\/\/lagur-istarskisvoj.hr\/en\/wp-json\/wp\/v2\/users\/1"}],"replies":[{"embeddable":true,"href":"https:\/\/lagur-istarskisvoj.hr\/en\/wp-json\/wp\/v2\/comments?post=566"}],"version-history":[{"count":7,"href":"https:\/\/lagur-istarskisvoj.hr\/en\/wp-json\/wp\/v2\/pages\/566\/revisions"}],"predecessor-version":[{"id":775,"href":"https:\/\/lagur-istarskisvoj.hr\/en\/wp-json\/wp\/v2\/pages\/566\/revisions\/775"}],"up":[{"embeddable":true,"href":"https:\/\/lagur-istarskisvoj.hr\/en\/wp-json\/wp\/v2\/pages\/144"}],"wp:attachment":[{"href":"https:\/\/lagur-istarskisvoj.hr\/en\/wp-json\/wp\/v2\/media?parent=566"}],"curies":[{"name":"wp","href":"https:\/\/api.w.org\/{rel}","templated":true}]}}