{"id":569,"date":"2020-02-27T17:12:47","date_gmt":"2020-02-27T16:12:47","guid":{"rendered":"https:\/\/lagur-istarskisvoj.hr\/?page_id=569"},"modified":"2020-11-17T10:05:18","modified_gmt":"2020-11-17T09:05:18","slug":"natjecaj-za-mjeru-1-jacanje-prepoznatljivosti-ribarskog-podrucja-proizvoda-i-usluga-izradom-jedinstvenog-vizualnog-identiteta","status":"publish","type":"page","link":"https:\/\/lagur-istarskisvoj.hr\/en\/natjecaji\/programsko-razdoblje-2014-2020\/provedeni-natjecaji\/natjecaj-za-mjeru-1-jacanje-prepoznatljivosti-ribarskog-podrucja-proizvoda-i-usluga-izradom-jedinstvenog-vizualnog-identiteta\/","title":{"rendered":"(Hrvatski) Natje\u010daj za Mjeru 1. Ja\u010danje prepoznatljivosti ribarskog podru\u010dja, proizvoda i usluga izradom jedinstvenog vizualnog identiteta"},"content":{"rendered":"<p class=\"qtranxs-available-languages-message qtranxs-available-languages-message-en\">Sorry, this entry is only available in <a href=\"https:\/\/lagur-istarskisvoj.hr\/hr\/wp-json\/wp\/v2\/pages\/569\" class=\"qtranxs-available-language-link qtranxs-available-language-link-hr\" title=\"Hrvatski\">Hrvatski<\/a>.<\/p>","protected":false},"excerpt":{"rendered":"<p>Sorry, this entry is only available in Hrvatski.<\/p>\n","protected":false},"author":1,"featured_media":0,"parent":144,"menu_order":0,"comment_status":"closed","ping_status":"closed","template":"template_natjecaj.php","meta":{"_acf_changed":false,"footnotes":""},"acf":[],"_links":{"self":[{"href":"https:\/\/lagur-istarskisvoj.hr\/en\/wp-json\/wp\/v2\/pages\/569"}],"collection":[{"href":"https:\/\/lagur-istarskisvoj.hr\/en\/wp-json\/wp\/v2\/pages"}],"about":[{"href":"https:\/\/lagur-istarskisvoj.hr\/en\/wp-json\/wp\/v2\/types\/page"}],"author":[{"embeddable":true,"href":"https:\/\/lagur-istarskisvoj.hr\/en\/wp-json\/wp\/v2\/users\/1"}],"replies":[{"embeddable":true,"href":"https:\/\/lagur-istarskisvoj.hr\/en\/wp-json\/wp\/v2\/comments?post=569"}],"version-history":[{"count":5,"href":"https:\/\/lagur-istarskisvoj.hr\/en\/wp-json\/wp\/v2\/pages\/569\/revisions"}],"predecessor-version":[{"id":778,"href":"https:\/\/lagur-istarskisvoj.hr\/en\/wp-json\/wp\/v2\/pages\/569\/revisions\/778"}],"up":[{"embeddable":true,"href":"https:\/\/lagur-istarskisvoj.hr\/en\/wp-json\/wp\/v2\/pages\/144"}],"wp:attachment":[{"href":"https:\/\/lagur-istarskisvoj.hr\/en\/wp-json\/wp\/v2\/media?parent=569"}],"curies":[{"name":"wp","href":"https:\/\/api.w.org\/{rel}","templated":true}]}}