{"id":857,"date":"2021-08-12T15:30:58","date_gmt":"2021-08-12T13:30:58","guid":{"rendered":"https:\/\/lagur-istarskisvoj.hr\/?page_id=857"},"modified":"2023-02-17T09:39:09","modified_gmt":"2023-02-17T08:39:09","slug":"natjecaj-za-mjeru-5-organizacija-edukativnih-dogadaja-u-svrhu-jacanja-uloge-ribarstvene-zajednice-u-lokalnom-razvoju-te-jacanje-svijesti-o-savjesnom-koristenju-ribarstvenih-resursa-zastiti-mora-i-vo","status":"publish","type":"page","link":"https:\/\/lagur-istarskisvoj.hr\/en\/natjecaji\/programsko-razdoblje-2014-2020\/provedeni-natjecaji\/natjecaj-za-mjeru-5-organizacija-edukativnih-dogadaja-u-svrhu-jacanja-uloge-ribarstvene-zajednice-u-lokalnom-razvoju-te-jacanje-svijesti-o-savjesnom-koristenju-ribarstvenih-resursa-zastiti-mora-i-vo\/","title":{"rendered":"(Hrvatski) Natje\u010daj za Mjeru 5. Organizacija edukativnih doga\u0111aja u svrhu ja\u010danja uloge ribarstvene zajednice u lokalnom razvoju te ja\u010danje svijesti o savjesnom kori\u0161tenju ribarstvenih resursa, za\u0161titi mora i voda"},"content":{"rendered":"<p class=\"qtranxs-available-languages-message qtranxs-available-languages-message-en\">Sorry, this entry is only available in <a href=\"https:\/\/lagur-istarskisvoj.hr\/hr\/wp-json\/wp\/v2\/pages\/857\" class=\"qtranxs-available-language-link qtranxs-available-language-link-hr\" title=\"Hrvatski\">Hrvatski<\/a>.<\/p>","protected":false},"excerpt":{"rendered":"<p>Sorry, this entry is only available in Hrvatski.<\/p>\n","protected":false},"author":1,"featured_media":0,"parent":144,"menu_order":0,"comment_status":"closed","ping_status":"closed","template":"template_natjecaj.php","meta":{"_acf_changed":false,"footnotes":""},"acf":[],"_links":{"self":[{"href":"https:\/\/lagur-istarskisvoj.hr\/en\/wp-json\/wp\/v2\/pages\/857"}],"collection":[{"href":"https:\/\/lagur-istarskisvoj.hr\/en\/wp-json\/wp\/v2\/pages"}],"about":[{"href":"https:\/\/lagur-istarskisvoj.hr\/en\/wp-json\/wp\/v2\/types\/page"}],"author":[{"embeddable":true,"href":"https:\/\/lagur-istarskisvoj.hr\/en\/wp-json\/wp\/v2\/users\/1"}],"replies":[{"embeddable":true,"href":"https:\/\/lagur-istarskisvoj.hr\/en\/wp-json\/wp\/v2\/comments?post=857"}],"version-history":[{"count":26,"href":"https:\/\/lagur-istarskisvoj.hr\/en\/wp-json\/wp\/v2\/pages\/857\/revisions"}],"predecessor-version":[{"id":1048,"href":"https:\/\/lagur-istarskisvoj.hr\/en\/wp-json\/wp\/v2\/pages\/857\/revisions\/1048"}],"up":[{"embeddable":true,"href":"https:\/\/lagur-istarskisvoj.hr\/en\/wp-json\/wp\/v2\/pages\/144"}],"wp:attachment":[{"href":"https:\/\/lagur-istarskisvoj.hr\/en\/wp-json\/wp\/v2\/media?parent=857"}],"curies":[{"name":"wp","href":"https:\/\/api.w.org\/{rel}","templated":true}]}}